{"id":10137,"date":"2020-03-06T18:08:59","date_gmt":"2020-03-06T18:08:59","guid":{"rendered":"https:\/\/peterandwolfbcn.com\/our-fans\/"},"modified":"2024-06-10T16:09:08","modified_gmt":"2024-06-10T16:09:08","slug":"our-fans","status":"publish","type":"page","link":"https:\/\/peterandwolfbcn.com\/en\/our-fans\/","title":{"rendered":"Our fans"},"content":{"rendered":"<p>[et_pb_section fb_built=&#8221;1&#8243; _builder_version=&#8221;3.25.3&#8243; min_height=&#8221;100px&#8221; height=&#8221;100px&#8221; max_height=&#8221;100px&#8221; custom_padding=&#8221;0px|||||&#8221;][et_pb_row _builder_version=&#8221;3.25&#8243; background_size=&#8221;initial&#8221; background_position=&#8221;top_left&#8221; background_repeat=&#8221;repeat&#8221;][et_pb_column type=&#8221;4_4&#8243; _builder_version=&#8221;3.25&#8243; custom_padding=&#8221;|||&#8221; custom_padding__hover=&#8221;|||&#8221;][et_pb_text _builder_version=&#8221;3.25.3&#8243; text_font=&#8221;||||||||&#8221; text_line_height=&#8221;3em&#8221; background_size=&#8221;initial&#8221; background_position=&#8221;top_left&#8221; background_repeat=&#8221;repeat&#8221;]<\/p>\n<p><!-- divi:paragraph --><\/p>\n<h5>Aqu\u00ed hemos querido recoger los testimonios de los fans de Peter &amp; Wolf BCN y de aquellos clientes\/as<\/h5>\n<h5>satisfechos\/as con nuestros art\u00edculos, tanto que han querido compartir con todos nosotros su experiencia.<\/h5>\n<p><!-- \/divi:paragraph --><\/p>\n<p>[\/et_pb_text][\/et_pb_column][\/et_pb_row][\/et_pb_section][et_pb_section fb_built=&#8221;1&#8243; _builder_version=&#8221;3.25.3&#8243; custom_padding=&#8221;0px|||||&#8221;][et_pb_row column_structure=&#8221;1_3,1_3,1_3&#8243; _builder_version=&#8221;3.25.3&#8243; min_height=&#8221;521px&#8221;][et_pb_column type=&#8221;1_3&#8243; _builder_version=&#8221;3.25.3&#8243;][et_pb_image src=&#8221;https:\/\/peterandwolfbcn.com\/wp-content\/uploads\/2020\/03\/Teresitas.jpg&#8221; _builder_version=&#8221;3.25.3&#8243; custom_margin=&#8221;||1px|||&#8221;][\/et_pb_image][et_pb_text _builder_version=&#8221;3.25.3&#8243; border_color_all=&#8221;#000000&#8243; custom_margin=&#8221;17px|||||&#8221;]<span style=\"text-decoration: underline;\"><strong>Teresa<\/strong><\/span><\/p>\n<p>Yo, la verdad, es que desde que me compr\u00e9 la <a href=\"https:\/\/peterandwolfbcn.com\/producto\/mochila-moto-black-en-tejido-impermeable-de-asiento-de-moto\/\">mochila moto negra<\/a>\u00a0 \u00a1\u00a1no me separo de ella!!<\/p>\n<p>Cada d\u00eda la llevo al trabajo\u2026 Llevo mis apuntes para estudiar, mi monedero y mi bolsita con el yogur y el bocata de serrano.<\/p>\n<p>No se me ensucia\u2026 debe de repeler la porquer\u00eda y el polvo\u2026 no s\u00e9 :)<\/p>\n<p>Por otra parte, es elegante, pr\u00e1ctica, sirve de bolso y de mochila\u2026 Una vez, en el metro, la chica de al lado me pregunt\u00f3 por ella y se hizo una foto del logo.<\/p>\n<p>Yo estoy content\u00edsima y la llevo para todo, y me encantan esos bolsillos interiores en los que parece que se pierda la mano :)[\/et_pb_text][\/et_pb_column][et_pb_column type=&#8221;1_3&#8243; _builder_version=&#8221;3.25.3&#8243;][et_pb_gallery gallery_ids=&#8221;3596,3759,3761&#8243; fullwidth=&#8221;on&#8221; hover_icon=&#8221;%%59%%&#8221; _builder_version=&#8221;3.25.3&#8243; animation_style=&#8221;slide&#8221; auto=&#8221;on&#8221;][\/et_pb_gallery][et_pb_text _builder_version=&#8221;3.25.3&#8243; min_height=&#8221;461px&#8221; custom_margin=&#8221;9px|||||&#8221; custom_padding=&#8221;14px|||||&#8221;]<span style=\"text-decoration: underline;\"><strong>Blanca<\/strong><\/span><\/p>\n<p>Hace m\u00e1s de un a\u00f1o que compr\u00e9 mi <a href=\"https:\/\/peterandwolfbcn.com\/producto\/bolso-de-mano-en-tejido-tecnico-3d-con-asa-y-bolsillo-interior\/\">bolso de mano<\/a> Peter &amp; Wolf BCN y est\u00e1 como nuevo.<\/p>\n<p>Gracias a estar hecho con materiales de muy buena calidad y confeccionado con esmero, el bolso permite un uso diario y la posibilidad de llevar bastantes cosas. Esto \u00faltimo, junto a la gran cantidad de compartimentos, lo hace tambi\u00e9n muy \u00fatil para viajes.<\/p>\n<p>Esta vez opt\u00e9 por un color m\u00e1s cl\u00e1sico, ya que me interesaba que me sirviera en mi d\u00eda a d\u00eda y me combinara con todo, pero me muero de ganas por acercarme a ver la nueva colecci\u00f3n, m\u00e1s desenfadada. Y, \u00a1c\u00f3mo no!, me encantan sus mochilas de gran cantidad de vivos colores. \u00a1\u00a1Habr\u00e1 que pens\u00e1rselo bien antes de ir, para no salir con m\u00e1s paquetes de la cuenta!![\/et_pb_text][\/et_pb_column][et_pb_column type=&#8221;1_3&#8243; _builder_version=&#8221;3.25.3&#8243;][et_pb_gallery gallery_ids=&#8221;3239,3763&#8243; fullwidth=&#8221;on&#8221; _builder_version=&#8221;3.25.3&#8243; animation_style=&#8221;slide&#8221; auto=&#8221;on&#8221;][\/et_pb_gallery][et_pb_text _builder_version=&#8221;3.25.3&#8243; width=&#8221;89%&#8221; max_width=&#8221;88%&#8221; min_height=&#8221;350px&#8221; custom_padding=&#8221;0px|||||&#8221;]<span style=\"text-decoration: underline;\"><strong>Felicitas (<a href=\"http:\/\/www.felicitashair.es\/\">Felicitas Hair<\/a>)<\/strong><\/span><\/p>\n<p>En mi trabajo como estilista, viajo constantemente, haciendo formaci\u00f3n, presentando colecciones y participando en premios nacionales e internacionales, etc.<\/p>\n<p>Por esta raz\u00f3n, necesito llevar todo ordenado y en su sitio. Muchos papeles, el m\u00f3vil, tarjetas&#8230; y mi bolso de mano me permite todo eso en un espacio reducido, pr\u00e1ctico y totalmente combinable con mis variados looks. Adem\u00e1s, puedo llevarlo dentro de otro bolso m\u00e1s grande o una maleta de mano, y aun as\u00ed, todo est\u00e1 siempre a mano.[\/et_pb_text][\/et_pb_column][\/et_pb_row][et_pb_row column_structure=&#8221;1_3,1_3,1_3&#8243; custom_padding=&#8221;0px|||||&#8221; custom_margin=&#8221;0px|auto||auto||&#8221; _builder_version=&#8221;3.25.3&#8243; min_height=&#8221;739px&#8221;][et_pb_column type=&#8221;1_3&#8243; _builder_version=&#8221;3.25.3&#8243;][et_pb_image src=&#8221;https:\/\/peterandwolfbcn.com\/wp-content\/uploads\/2020\/03\/Anna-Villoslada-3B.jpg&#8221; _builder_version=&#8221;3.25.3&#8243;][\/et_pb_image][et_pb_text _builder_version=&#8221;3.25.3&#8243;]<strong><span style=\"text-decoration: underline;\">Anna<\/span><\/strong><\/p>\n<p>Fui una de las primeras clientas de Peter &amp; Wolf BCN y tengo ya varios bolsos, de varios tama\u00f1os, incluso una bolsa de deporte totalmente personalizada (fue la primera que hicieron).<\/p>\n<p>En los bolsos llevo de todo. Los uso para ir al trabajo y, pobres, los trato fatal, \u00a1por tanto puedo decir que son bien resistentes!<\/p>\n<p>Los lavo como si fueran jerseys y es fenomenal: no encogen ni nada.\u00a0\u00a1Siempre a punto![\/et_pb_text][et_pb_image src=&#8221;https:\/\/peterandwolfbcn.com\/wp-content\/uploads\/2020\/03\/Julio.jpg&#8221; _builder_version=&#8221;3.25.3&#8243;][\/et_pb_image][et_pb_text _builder_version=&#8221;3.25.3&#8243;]<span style=\"text-decoration: underline;\"><strong>Julio<\/strong><\/span><\/p>\n<p>Necesitaba una funda para mi tableta y buscaba algo que tuviera, adem\u00e1s, un espacio espec\u00edfico para el cable y enchufe, y para el l\u00e1piz o &#8220;apple pen&#8221;.<\/p>\n<p>Peter and Wolf BCN me hicieron una funda a medida que me va genial, gracias a lo cual puedo guardar todo en su sitio, f\u00e1cilmente accesible y organizado.<\/p>\n<p>El color y dise\u00f1o me encantan. La tableta cabe holgada pero bien protegida. La funda queda genial si la llevo sola, pero tambi\u00e9n me cabe dentro de cualquier mochila o bolsa si llevo m\u00e1s cosas, y la tableta siempre est\u00e1 bien guardada.<\/p>\n<p>Total, que lo que me ofrecieron se adecu\u00f3 estupendamente a lo que necesitaba; funcional, pr\u00e1ctica y bonita. \u00a1Gracias Peter&amp;Wolf BCN![\/et_pb_text][\/et_pb_column][et_pb_column type=&#8221;1_3&#8243; _builder_version=&#8221;3.25.3&#8243;][et_pb_image src=&#8221;https:\/\/peterandwolfbcn.com\/wp-content\/uploads\/2020\/03\/Nuria-1b.jpg&#8221; _builder_version=&#8221;3.25.3&#8243;][\/et_pb_image][et_pb_text _builder_version=&#8221;3.25.3&#8243;]<strong><span style=\"text-decoration: underline;\">Nuria (<a href=\"https:\/\/ribotfarmacia.com\/\">Farmacia Ribot<\/a>)<\/span><\/strong><\/p>\n<p><a href=\"https:\/\/peterandwolfbcn.com\/categoria-producto\/colecciones\/bolsos\/bolsos-tote-al-ac\/\">Bolso en tejido 3D<\/a>\u00a0ideal para viajar por su capacidad y comodidad.<\/p>\n<p>El tejido antimanchas es perfecto para todo tipo de traj\u00edn.<\/p>\n<p>Me lo llev\u00e9 en nuestra escapada para celebrar nuestro aniversario de bodas.<\/p>\n<p>Y un bolso inc\u00f3modo o que no sea f\u00e1cil de combinar \u00a1no me iba a estropear el finde rom\u00e1ntico! :D[\/et_pb_text][et_pb_gallery fullwidth=&#8221;on&#8221; animation_style=&#8221;slide&#8221; auto=&#8221;on&#8221; _builder_version=&#8221;3.25.3&#8243; gallery_ids=&#8221;3787,3785,3789&#8243;][\/et_pb_gallery][et_pb_text _builder_version=&#8221;3.25.3&#8243;]<\/p>\n<p><span style=\"text-decoration: underline;\"><strong>Ren\u00e9<\/strong><\/span><\/p>\n<p>La verdad que mi bolso de Peter and Wolf fue un regalo de mi esposa, en principio no lo usaba mucho ya que ten\u00eda otro bolso de trabajo el cual ten\u00eda los d\u00edas contados.<\/p>\n<p>Una vez pasada la despedida de mi bolso anterior decid\u00ed apostar por mi nuevo bolso Peter and Wolf, al principio no parec\u00eda muy prometedor pero una vez en uso me di cuenta que era perfecto!!&#8230;encontr\u00e9 en \u00e9l muchos atributos que mi bolso anterior no ten\u00eda.<\/p>\n<p>[\/et_pb_text][\/et_pb_column][et_pb_column type=&#8221;1_3&#8243; _builder_version=&#8221;3.25.3&#8243;][et_pb_gallery gallery_ids=&#8221;3767,3604&#8243; fullwidth=&#8221;on&#8221; _builder_version=&#8221;3.25.3&#8243; animation_style=&#8221;slide&#8221; auto=&#8221;on&#8221;][\/et_pb_gallery][et_pb_text _builder_version=&#8221;3.25.3&#8243;]<\/p>\n<p><strong><span style=\"text-decoration: underline;\">Valeria<\/span><\/strong><\/p>\n<p>Me vine de Manzanillo (M\u00e9jico) hasta Le\u00f3n (Espa\u00f1a) para hacer un Erasmus y, c\u00f3mo no, me traje mi mochila rosa.<\/p>\n<p>El caso es que me compr\u00e9 la mochila por internet y lo que menos me imaginaba es que la acabar\u00eda llevando por Europa :P<\/p>\n<p>Llevaba la mochila s\u00faper llena para poder pasar el d\u00eda en la calle y no tener que volver al apartamento en todo el d\u00eda.<\/p>\n<p>Lo mejor el color, la gente la miraba mucho :P<\/p>\n<p>[\/et_pb_text][et_pb_gallery gallery_ids=&#8221;3750,3769,3771&#8243; fullwidth=&#8221;on&#8221; _builder_version=&#8221;3.25.3&#8243; animation_style=&#8221;slide&#8221; auto=&#8221;on&#8221;][\/et_pb_gallery][et_pb_text _builder_version=&#8221;3.25.3&#8243;]<\/p>\n<p><span style=\"text-decoration: underline;\"><strong>Iris\u00a0<\/strong><\/span><\/p>\n<p>Hace unos meses. A punto de ser padres \u00a1y est\u00e1bamos cansados de buscar un bolso\/pa\u00f1alera que cumpliera con lo que necesit\u00e1bamos!<\/p>\n<p>Bolsillos suficientes, un estilo unisex y que soportara la batalla del d\u00eda a d\u00eda, de un beb\u00e9, del metro, de padres a los que les gusta salir, viajar, y no parar.<\/p>\n<p>Dimos con Peter &amp; Wolf BCN por recomendaci\u00f3n de una amiga y nos personaliz\u00f3 lo que necesit\u00e1bamos. \u00a1Dieron en el clavo! El bolso lo llevamos a donde sea, mami, papi, abuelos&#8230; es impermeable, tiene accesorios y bolsillos m\u00e1s que suficientes para lo que necesitamos.<\/p>\n<p>\u00a1Oleeee Equipo P&amp;W BCN! Gracias por facilitarnos el d\u00eda a d\u00eda.<\/p>\n<p>[\/et_pb_text][\/et_pb_column][\/et_pb_row][et_pb_row column_structure=&#8221;1_3,1_3,1_3&#8243; _builder_version=&#8221;3.25.3&#8243;][et_pb_column type=&#8221;1_3&#8243; _builder_version=&#8221;3.25.3&#8243;][et_pb_gallery gallery_ids=&#8221;3755,3775&#8243; fullwidth=&#8221;on&#8221; _builder_version=&#8221;3.25.3&#8243; animation_style=&#8221;slide&#8221; auto=&#8221;on&#8221;][\/et_pb_gallery][et_pb_text _builder_version=&#8221;3.25.3&#8243;]<\/p>\n<p>Tengo una <a href=\"https:\/\/peterandwolfbcn.com\/categoria-producto\/colecciones\/bolsas-deporte\/\">bolsa de deporte<\/a> de Peter &amp; Wolf BCN, pero la uso para todo, sobre todo para viajar, o hacer excursiones.<\/p>\n<p>Es amplia, ligera, con los compartimentos suficientes, y una de las cosas que m\u00e1s me gusta, es que la puedo echar a la lavadora sin ning\u00fan problema&#8230; y como nuevaaa!<\/p>\n<p>\u00a1Acert\u00e9 con esta bolsa de deporte!<\/p>\n<p>Gracias amigos :D<\/p>\n<p>[\/et_pb_text][\/et_pb_column][et_pb_column type=&#8221;1_3&#8243; _builder_version=&#8221;3.25.3&#8243;][\/et_pb_column][et_pb_column type=&#8221;1_3&#8243; _builder_version=&#8221;3.25.3&#8243;][\/et_pb_column][\/et_pb_row][\/et_pb_section]<\/p>\n","protected":false},"excerpt":{"rendered":"<p>[et_pb_section fb_built=&#8221;1&#8243; _builder_version=&#8221;3.25.3&#8243; min_height=&#8221;100px&#8221; height=&#8221;100px&#8221; max_height=&#8221;100px&#8221; custom_padding=&#8221;0px|||||&#8221;][et_pb_row _builder_version=&#8221;3.25&#8243; background_size=&#8221;initial&#8221; background_position=&#8221;top_left&#8221;  [&#8230;]<\/p>\n","protected":false},"author":4,"featured_media":0,"parent":0,"menu_order":0,"comment_status":"closed","ping_status":"closed","template":"100-width.php","meta":{"_acf_changed":false,"footnotes":""},"class_list":["post-10137","page","type-page","status-publish","hentry"],"acf":[],"yoast_head":"<!-- This site is optimized with the Yoast SEO plugin v27.6 - https:\/\/yoast.com\/product\/yoast-seo-wordpress\/ -->\n<title>Our fans and satisfied customers<\/title>\n<meta name=\"description\" content=\"Our fans and satisfied customers of our products send us their comments and a photo about their experience with their bag, backpack, etc.\" \/>\n<meta name=\"robots\" content=\"index, follow, max-snippet:-1, max-image-preview:large, max-video-preview:-1\" \/>\n<link rel=\"canonical\" href=\"https:\/\/peterandwolfbcn.com\/en\/our-fans\/\" \/>\n<meta property=\"og:locale\" content=\"en_US\" \/>\n<meta property=\"og:type\" content=\"article\" \/>\n<meta property=\"og:title\" content=\"Our fans and satisfied customers\" \/>\n<meta property=\"og:description\" content=\"Our fans and satisfied customers of our products send us their comments and a photo about their experience with their bag, backpack, etc.\" \/>\n<meta property=\"og:url\" content=\"https:\/\/peterandwolfbcn.com\/en\/our-fans\/\" \/>\n<meta property=\"og:site_name\" content=\"Peter &amp; Wolf BCN\" \/>\n<meta property=\"article:publisher\" content=\"https:\/\/www.facebook.com\/bcnpeterandwolf\" \/>\n<meta property=\"article:modified_time\" content=\"2024-06-10T16:09:08+00:00\" \/>\n<meta property=\"og:image\" content=\"https:\/\/peterandwolfbcn.com\/wp-content\/uploads\/2020\/05\/logo-Peter-Wolf-BCN-210x210-1-e1590307436921.jpg\" \/>\n\t<meta property=\"og:image:width\" content=\"1000\" \/>\n\t<meta property=\"og:image:height\" content=\"1000\" \/>\n\t<meta property=\"og:image:type\" content=\"image\/jpeg\" \/>\n<meta name=\"twitter:card\" content=\"summary_large_image\" \/>\n<meta name=\"twitter:site\" content=\"@BCNPeterandWolf\" \/>\n<meta name=\"twitter:label1\" content=\"Est. reading time\" \/>\n\t<meta name=\"twitter:data1\" content=\"7 minutes\" \/>\n<script type=\"application\/ld+json\" class=\"yoast-schema-graph\">{\"@context\":\"https:\\\/\\\/schema.org\",\"@graph\":[{\"@type\":\"WebPage\",\"@id\":\"https:\\\/\\\/peterandwolfbcn.com\\\/en\\\/our-fans\\\/\",\"url\":\"https:\\\/\\\/peterandwolfbcn.com\\\/en\\\/our-fans\\\/\",\"name\":\"Our fans and satisfied customers\",\"isPartOf\":{\"@id\":\"https:\\\/\\\/peterandwolfbcn.com\\\/en\\\/#website\"},\"datePublished\":\"2020-03-06T18:08:59+00:00\",\"dateModified\":\"2024-06-10T16:09:08+00:00\",\"description\":\"Our fans and satisfied customers of our products send us their comments and a photo about their experience with their bag, backpack, etc.\",\"breadcrumb\":{\"@id\":\"https:\\\/\\\/peterandwolfbcn.com\\\/en\\\/our-fans\\\/#breadcrumb\"},\"inLanguage\":\"en-US\",\"potentialAction\":[{\"@type\":\"ReadAction\",\"target\":[\"https:\\\/\\\/peterandwolfbcn.com\\\/en\\\/our-fans\\\/\"]}]},{\"@type\":\"BreadcrumbList\",\"@id\":\"https:\\\/\\\/peterandwolfbcn.com\\\/en\\\/our-fans\\\/#breadcrumb\",\"itemListElement\":[{\"@type\":\"ListItem\",\"position\":1,\"name\":\"Portada\",\"item\":\"https:\\\/\\\/peterandwolfbcn.com\\\/en\\\/\"},{\"@type\":\"ListItem\",\"position\":2,\"name\":\"Our fans\"}]},{\"@type\":\"WebSite\",\"@id\":\"https:\\\/\\\/peterandwolfbcn.com\\\/en\\\/#website\",\"url\":\"https:\\\/\\\/peterandwolfbcn.com\\\/en\\\/\",\"name\":\"Peter & Wolf BCN\",\"description\":\"En Peter &amp; Wolf BCN nos dedicamos al dise\u00f1o y confecci\u00f3n de bolsos y mochilas de forma totalmente artesanal para ofrecer piezas singulares a precios accesibles.\",\"publisher\":{\"@id\":\"https:\\\/\\\/peterandwolfbcn.com\\\/en\\\/#organization\"},\"alternateName\":\"Peter & Wolf\",\"potentialAction\":[{\"@type\":\"SearchAction\",\"target\":{\"@type\":\"EntryPoint\",\"urlTemplate\":\"https:\\\/\\\/peterandwolfbcn.com\\\/en\\\/?s={search_term_string}\"},\"query-input\":{\"@type\":\"PropertyValueSpecification\",\"valueRequired\":true,\"valueName\":\"search_term_string\"}}],\"inLanguage\":\"en-US\"},{\"@type\":\"Organization\",\"@id\":\"https:\\\/\\\/peterandwolfbcn.com\\\/en\\\/#organization\",\"name\":\"Peter & Wolf BCN\",\"alternateName\":\"Peter & Wolf\",\"url\":\"https:\\\/\\\/peterandwolfbcn.com\\\/en\\\/\",\"logo\":{\"@type\":\"ImageObject\",\"inLanguage\":\"en-US\",\"@id\":\"https:\\\/\\\/peterandwolfbcn.com\\\/en\\\/#\\\/schema\\\/logo\\\/image\\\/\",\"url\":\"https:\\\/\\\/peterandwolfbcn.com\\\/wp-content\\\/uploads\\\/2018\\\/10\\\/logo-negro.jpg\",\"contentUrl\":\"https:\\\/\\\/peterandwolfbcn.com\\\/wp-content\\\/uploads\\\/2018\\\/10\\\/logo-negro.jpg\",\"width\":413,\"height\":295,\"caption\":\"Peter & Wolf BCN\"},\"image\":{\"@id\":\"https:\\\/\\\/peterandwolfbcn.com\\\/en\\\/#\\\/schema\\\/logo\\\/image\\\/\"},\"sameAs\":[\"https:\\\/\\\/www.facebook.com\\\/bcnpeterandwolf\",\"https:\\\/\\\/x.com\\\/BCNPeterandWolf\",\"https:\\\/\\\/www.instagram.com\\\/peterandwolfbcn\\\/\",\"https:\\\/\\\/www.linkedin.com\\\/company\\\/peter-and-wolf-bcn\\\/\",\"https:\\\/\\\/www.youtube.com\\\/channel\\\/UCelN1AcND-FmIoWeQRL7fMw\"]}]}<\/script>\n<!-- \/ Yoast SEO plugin. -->","yoast_head_json":{"title":"Our fans and satisfied customers","description":"Our fans and satisfied customers of our products send us their comments and a photo about their experience with their bag, backpack, etc.","robots":{"index":"index","follow":"follow","max-snippet":"max-snippet:-1","max-image-preview":"max-image-preview:large","max-video-preview":"max-video-preview:-1"},"canonical":"https:\/\/peterandwolfbcn.com\/en\/our-fans\/","og_locale":"en_US","og_type":"article","og_title":"Our fans and satisfied customers","og_description":"Our fans and satisfied customers of our products send us their comments and a photo about their experience with their bag, backpack, etc.","og_url":"https:\/\/peterandwolfbcn.com\/en\/our-fans\/","og_site_name":"Peter &amp; Wolf BCN","article_publisher":"https:\/\/www.facebook.com\/bcnpeterandwolf","article_modified_time":"2024-06-10T16:09:08+00:00","og_image":[{"width":1000,"height":1000,"url":"https:\/\/peterandwolfbcn.com\/wp-content\/uploads\/2020\/05\/logo-Peter-Wolf-BCN-210x210-1-e1590307436921.jpg","type":"image\/jpeg"}],"twitter_card":"summary_large_image","twitter_site":"@BCNPeterandWolf","twitter_misc":{"Est. reading time":"7 minutes"},"schema":{"@context":"https:\/\/schema.org","@graph":[{"@type":"WebPage","@id":"https:\/\/peterandwolfbcn.com\/en\/our-fans\/","url":"https:\/\/peterandwolfbcn.com\/en\/our-fans\/","name":"Our fans and satisfied customers","isPartOf":{"@id":"https:\/\/peterandwolfbcn.com\/en\/#website"},"datePublished":"2020-03-06T18:08:59+00:00","dateModified":"2024-06-10T16:09:08+00:00","description":"Our fans and satisfied customers of our products send us their comments and a photo about their experience with their bag, backpack, etc.","breadcrumb":{"@id":"https:\/\/peterandwolfbcn.com\/en\/our-fans\/#breadcrumb"},"inLanguage":"en-US","potentialAction":[{"@type":"ReadAction","target":["https:\/\/peterandwolfbcn.com\/en\/our-fans\/"]}]},{"@type":"BreadcrumbList","@id":"https:\/\/peterandwolfbcn.com\/en\/our-fans\/#breadcrumb","itemListElement":[{"@type":"ListItem","position":1,"name":"Portada","item":"https:\/\/peterandwolfbcn.com\/en\/"},{"@type":"ListItem","position":2,"name":"Our fans"}]},{"@type":"WebSite","@id":"https:\/\/peterandwolfbcn.com\/en\/#website","url":"https:\/\/peterandwolfbcn.com\/en\/","name":"Peter & Wolf BCN","description":"En Peter &amp; Wolf BCN nos dedicamos al dise\u00f1o y confecci\u00f3n de bolsos y mochilas de forma totalmente artesanal para ofrecer piezas singulares a precios accesibles.","publisher":{"@id":"https:\/\/peterandwolfbcn.com\/en\/#organization"},"alternateName":"Peter & Wolf","potentialAction":[{"@type":"SearchAction","target":{"@type":"EntryPoint","urlTemplate":"https:\/\/peterandwolfbcn.com\/en\/?s={search_term_string}"},"query-input":{"@type":"PropertyValueSpecification","valueRequired":true,"valueName":"search_term_string"}}],"inLanguage":"en-US"},{"@type":"Organization","@id":"https:\/\/peterandwolfbcn.com\/en\/#organization","name":"Peter & Wolf BCN","alternateName":"Peter & Wolf","url":"https:\/\/peterandwolfbcn.com\/en\/","logo":{"@type":"ImageObject","inLanguage":"en-US","@id":"https:\/\/peterandwolfbcn.com\/en\/#\/schema\/logo\/image\/","url":"https:\/\/peterandwolfbcn.com\/wp-content\/uploads\/2018\/10\/logo-negro.jpg","contentUrl":"https:\/\/peterandwolfbcn.com\/wp-content\/uploads\/2018\/10\/logo-negro.jpg","width":413,"height":295,"caption":"Peter & Wolf BCN"},"image":{"@id":"https:\/\/peterandwolfbcn.com\/en\/#\/schema\/logo\/image\/"},"sameAs":["https:\/\/www.facebook.com\/bcnpeterandwolf","https:\/\/x.com\/BCNPeterandWolf","https:\/\/www.instagram.com\/peterandwolfbcn\/","https:\/\/www.linkedin.com\/company\/peter-and-wolf-bcn\/","https:\/\/www.youtube.com\/channel\/UCelN1AcND-FmIoWeQRL7fMw"]}]}},"_links":{"self":[{"href":"https:\/\/peterandwolfbcn.com\/en\/wp-json\/wp\/v2\/pages\/10137","targetHints":{"allow":["GET"]}}],"collection":[{"href":"https:\/\/peterandwolfbcn.com\/en\/wp-json\/wp\/v2\/pages"}],"about":[{"href":"https:\/\/peterandwolfbcn.com\/en\/wp-json\/wp\/v2\/types\/page"}],"author":[{"embeddable":true,"href":"https:\/\/peterandwolfbcn.com\/en\/wp-json\/wp\/v2\/users\/4"}],"replies":[{"embeddable":true,"href":"https:\/\/peterandwolfbcn.com\/en\/wp-json\/wp\/v2\/comments?post=10137"}],"version-history":[{"count":1,"href":"https:\/\/peterandwolfbcn.com\/en\/wp-json\/wp\/v2\/pages\/10137\/revisions"}],"predecessor-version":[{"id":10138,"href":"https:\/\/peterandwolfbcn.com\/en\/wp-json\/wp\/v2\/pages\/10137\/revisions\/10138"}],"wp:attachment":[{"href":"https:\/\/peterandwolfbcn.com\/en\/wp-json\/wp\/v2\/media?parent=10137"}],"curies":[{"name":"wp","href":"https:\/\/api.w.org\/{rel}","templated":true}]}}